{"id":5271,"date":"2025-04-27T09:56:29","date_gmt":"2025-04-27T13:56:29","guid":{"rendered":"https:\/\/trufasilvestre.cl\/home\/?post_type=product&#038;p=5271"},"modified":"2026-01-15T12:32:49","modified_gmt":"2026-01-15T16:32:49","slug":"condimento-mediterano-con-trufa-negra-liofilizada","status":"publish","type":"product","link":"https:\/\/trufasilvestre.cl\/home\/product\/condimento-mediterano-con-trufa-negra-liofilizada\/","title":{"rendered":"Condimento Mediterano con trufa negra liofilizada"},"content":{"rendered":"<p><em>Ingredientes:\u00a0<\/em>Harina de arroz, trufa negra de verano (Tuber aestivum Vitt.) liofilizada, sal, aromas, albahaca en polvo, extractos de romero, albahaca y or\u00e9gano.<\/p>\n<p><em>Dosificaci\u00f3n:\u00a0<\/em>1\/2- 1 cucharadita, o al gusto.<\/p>\n<p><em>Uso:<\/em>\u00a0A\u00f1ada condimento a platos de carne, salsas, verduras, legumbres y platos con pasta y arroz.<\/p>\n","protected":false},"excerpt":{"rendered":"<p>Una mezcla de especias org\u00e1nicas con sabores mediterr\u00e1neos, complementada con trufas negras de verano, crea una combinaci\u00f3n perfecta para deliciosas creaciones.<\/p>\n<p>Perfecta para preparar platos de carne, salsas, verduras o platos con pasta y arroz.<\/p>\n<p>Peso net: 27 gr<\/p>\n","protected":false},"featured_media":5258,"template":"","meta":{"_exactmetrics_skip_tracking":false,"_exactmetrics_sitenote_active":false,"_exactmetrics_sitenote_note":"","_exactmetrics_sitenote_category":0},"product_brand":[],"product_cat":[17],"product_tag":[75],"class_list":{"0":"post-5271","1":"product","2":"type-product","3":"status-publish","4":"has-post-thumbnail","6":"product_cat-otros","7":"product_tag-dulce-con-trufas","9":"first","10":"instock","11":"shipping-taxable","12":"purchasable","13":"product-type-simple"},"yoast_head":"<!-- This site is optimized with the Yoast SEO plugin v25.3 - https:\/\/yoast.com\/wordpress\/plugins\/seo\/ -->\n<title>Condimento Mediterano con trufa negra liofilizada - Trufa silvestre<\/title>\n<meta name=\"robots\" content=\"index, follow, max-snippet:-1, max-image-preview:large, max-video-preview:-1\" \/>\n<link rel=\"canonical\" href=\"https:\/\/trufasilvestre.cl\/home\/product\/condimento-mediterano-con-trufa-negra-liofilizada\/\" \/>\n<meta property=\"og:locale\" content=\"es_ES\" \/>\n<meta property=\"og:type\" content=\"article\" \/>\n<meta property=\"og:title\" content=\"Condimento Mediterano con trufa negra liofilizada - Trufa silvestre\" \/>\n<meta property=\"og:description\" content=\"Una mezcla de especias org\u00e1nicas con sabores mediterr\u00e1neos, complementada con trufas negras de verano, crea una combinaci\u00f3n perfecta para deliciosas creaciones.  Perfecta para preparar platos de carne, salsas, verduras o platos con pasta y arroz.  Peso net: 27 gr\" \/>\n<meta property=\"og:url\" content=\"https:\/\/trufasilvestre.cl\/home\/product\/condimento-mediterano-con-trufa-negra-liofilizada\/\" \/>\n<meta property=\"og:site_name\" content=\"Trufa silvestre\" \/>\n<meta property=\"article:modified_time\" content=\"2026-01-15T16:32:49+00:00\" \/>\n<meta property=\"og:image\" content=\"https:\/\/trufasilvestre.cl\/wp-content\/uploads\/2025\/04\/Condimento-Mediteran-con-trufa-negra-liofilizada-50g-Zigante-2025.webp\" \/>\n\t<meta property=\"og:image:width\" content=\"1485\" \/>\n\t<meta property=\"og:image:height\" content=\"1485\" \/>\n\t<meta property=\"og:image:type\" content=\"image\/webp\" \/>\n<meta name=\"twitter:card\" content=\"summary_large_image\" \/>\n<meta name=\"twitter:label1\" content=\"Tiempo estimado de lectura\" \/>\n\t<meta name=\"twitter:data1\" content=\"1 minuto\" \/>\n<script type=\"application\/ld+json\" class=\"yoast-schema-graph\">{\"@context\":\"https:\/\/schema.org\",\"@graph\":[{\"@type\":\"WebPage\",\"@id\":\"https:\/\/trufasilvestre.cl\/home\/product\/condimento-mediterano-con-trufa-negra-liofilizada\/\",\"url\":\"https:\/\/trufasilvestre.cl\/home\/product\/condimento-mediterano-con-trufa-negra-liofilizada\/\",\"name\":\"Condimento Mediterano con trufa negra liofilizada - Trufa silvestre\",\"isPartOf\":{\"@id\":\"https:\/\/trufasilvestre.cl\/home\/#website\"},\"primaryImageOfPage\":{\"@id\":\"https:\/\/trufasilvestre.cl\/home\/product\/condimento-mediterano-con-trufa-negra-liofilizada\/#primaryimage\"},\"image\":{\"@id\":\"https:\/\/trufasilvestre.cl\/home\/product\/condimento-mediterano-con-trufa-negra-liofilizada\/#primaryimage\"},\"thumbnailUrl\":\"https:\/\/trufasilvestre.cl\/wp-content\/uploads\/2025\/04\/Condimento-Mediteran-con-trufa-negra-liofilizada-50g-Zigante-2025.webp\",\"datePublished\":\"2025-04-27T13:56:29+00:00\",\"dateModified\":\"2026-01-15T16:32:49+00:00\",\"breadcrumb\":{\"@id\":\"https:\/\/trufasilvestre.cl\/home\/product\/condimento-mediterano-con-trufa-negra-liofilizada\/#breadcrumb\"},\"inLanguage\":\"es-CL\",\"potentialAction\":[{\"@type\":\"ReadAction\",\"target\":[\"https:\/\/trufasilvestre.cl\/home\/product\/condimento-mediterano-con-trufa-negra-liofilizada\/\"]}]},{\"@type\":\"ImageObject\",\"inLanguage\":\"es-CL\",\"@id\":\"https:\/\/trufasilvestre.cl\/home\/product\/condimento-mediterano-con-trufa-negra-liofilizada\/#primaryimage\",\"url\":\"https:\/\/trufasilvestre.cl\/wp-content\/uploads\/2025\/04\/Condimento-Mediteran-con-trufa-negra-liofilizada-50g-Zigante-2025.webp\",\"contentUrl\":\"https:\/\/trufasilvestre.cl\/wp-content\/uploads\/2025\/04\/Condimento-Mediteran-con-trufa-negra-liofilizada-50g-Zigante-2025.webp\",\"width\":1485,\"height\":1485},{\"@type\":\"BreadcrumbList\",\"@id\":\"https:\/\/trufasilvestre.cl\/home\/product\/condimento-mediterano-con-trufa-negra-liofilizada\/#breadcrumb\",\"itemListElement\":[{\"@type\":\"ListItem\",\"position\":1,\"name\":\"Home\",\"item\":\"https:\/\/trufasilvestre.cl\/home\/\"},{\"@type\":\"ListItem\",\"position\":2,\"name\":\"TIENDA ONLINE\",\"item\":\"https:\/\/trufasilvestre.cl\/home\/shop\/\"},{\"@type\":\"ListItem\",\"position\":3,\"name\":\"Condimento Mediterano con trufa negra liofilizada\"}]},{\"@type\":\"WebSite\",\"@id\":\"https:\/\/trufasilvestre.cl\/home\/#website\",\"url\":\"https:\/\/trufasilvestre.cl\/home\/\",\"name\":\"Trufa silvestre\",\"description\":\"Trufa\",\"potentialAction\":[{\"@type\":\"SearchAction\",\"target\":{\"@type\":\"EntryPoint\",\"urlTemplate\":\"https:\/\/trufasilvestre.cl\/home\/?s={search_term_string}\"},\"query-input\":{\"@type\":\"PropertyValueSpecification\",\"valueRequired\":true,\"valueName\":\"search_term_string\"}}],\"inLanguage\":\"es-CL\"}]}<\/script>\n<!-- \/ Yoast SEO plugin. -->","yoast_head_json":{"title":"Condimento Mediterano con trufa negra liofilizada - Trufa silvestre","robots":{"index":"index","follow":"follow","max-snippet":"max-snippet:-1","max-image-preview":"max-image-preview:large","max-video-preview":"max-video-preview:-1"},"canonical":"https:\/\/trufasilvestre.cl\/home\/product\/condimento-mediterano-con-trufa-negra-liofilizada\/","og_locale":"es_ES","og_type":"article","og_title":"Condimento Mediterano con trufa negra liofilizada - Trufa silvestre","og_description":"Una mezcla de especias org\u00e1nicas con sabores mediterr\u00e1neos, complementada con trufas negras de verano, crea una combinaci\u00f3n perfecta para deliciosas creaciones.  Perfecta para preparar platos de carne, salsas, verduras o platos con pasta y arroz.  Peso net: 27 gr","og_url":"https:\/\/trufasilvestre.cl\/home\/product\/condimento-mediterano-con-trufa-negra-liofilizada\/","og_site_name":"Trufa silvestre","article_modified_time":"2026-01-15T16:32:49+00:00","og_image":[{"width":1485,"height":1485,"url":"https:\/\/trufasilvestre.cl\/wp-content\/uploads\/2025\/04\/Condimento-Mediteran-con-trufa-negra-liofilizada-50g-Zigante-2025.webp","type":"image\/webp"}],"twitter_card":"summary_large_image","twitter_misc":{"Tiempo estimado de lectura":"1 minuto"},"schema":{"@context":"https:\/\/schema.org","@graph":[{"@type":"WebPage","@id":"https:\/\/trufasilvestre.cl\/home\/product\/condimento-mediterano-con-trufa-negra-liofilizada\/","url":"https:\/\/trufasilvestre.cl\/home\/product\/condimento-mediterano-con-trufa-negra-liofilizada\/","name":"Condimento Mediterano con trufa negra liofilizada - Trufa silvestre","isPartOf":{"@id":"https:\/\/trufasilvestre.cl\/home\/#website"},"primaryImageOfPage":{"@id":"https:\/\/trufasilvestre.cl\/home\/product\/condimento-mediterano-con-trufa-negra-liofilizada\/#primaryimage"},"image":{"@id":"https:\/\/trufasilvestre.cl\/home\/product\/condimento-mediterano-con-trufa-negra-liofilizada\/#primaryimage"},"thumbnailUrl":"https:\/\/trufasilvestre.cl\/wp-content\/uploads\/2025\/04\/Condimento-Mediteran-con-trufa-negra-liofilizada-50g-Zigante-2025.webp","datePublished":"2025-04-27T13:56:29+00:00","dateModified":"2026-01-15T16:32:49+00:00","breadcrumb":{"@id":"https:\/\/trufasilvestre.cl\/home\/product\/condimento-mediterano-con-trufa-negra-liofilizada\/#breadcrumb"},"inLanguage":"es-CL","potentialAction":[{"@type":"ReadAction","target":["https:\/\/trufasilvestre.cl\/home\/product\/condimento-mediterano-con-trufa-negra-liofilizada\/"]}]},{"@type":"ImageObject","inLanguage":"es-CL","@id":"https:\/\/trufasilvestre.cl\/home\/product\/condimento-mediterano-con-trufa-negra-liofilizada\/#primaryimage","url":"https:\/\/trufasilvestre.cl\/wp-content\/uploads\/2025\/04\/Condimento-Mediteran-con-trufa-negra-liofilizada-50g-Zigante-2025.webp","contentUrl":"https:\/\/trufasilvestre.cl\/wp-content\/uploads\/2025\/04\/Condimento-Mediteran-con-trufa-negra-liofilizada-50g-Zigante-2025.webp","width":1485,"height":1485},{"@type":"BreadcrumbList","@id":"https:\/\/trufasilvestre.cl\/home\/product\/condimento-mediterano-con-trufa-negra-liofilizada\/#breadcrumb","itemListElement":[{"@type":"ListItem","position":1,"name":"Home","item":"https:\/\/trufasilvestre.cl\/home\/"},{"@type":"ListItem","position":2,"name":"TIENDA ONLINE","item":"https:\/\/trufasilvestre.cl\/home\/shop\/"},{"@type":"ListItem","position":3,"name":"Condimento Mediterano con trufa negra liofilizada"}]},{"@type":"WebSite","@id":"https:\/\/trufasilvestre.cl\/home\/#website","url":"https:\/\/trufasilvestre.cl\/home\/","name":"Trufa silvestre","description":"Trufa","potentialAction":[{"@type":"SearchAction","target":{"@type":"EntryPoint","urlTemplate":"https:\/\/trufasilvestre.cl\/home\/?s={search_term_string}"},"query-input":{"@type":"PropertyValueSpecification","valueRequired":true,"valueName":"search_term_string"}}],"inLanguage":"es-CL"}]}},"_links":{"self":[{"href":"https:\/\/trufasilvestre.cl\/home\/wp-json\/wp\/v2\/product\/5271","targetHints":{"allow":["GET"]}}],"collection":[{"href":"https:\/\/trufasilvestre.cl\/home\/wp-json\/wp\/v2\/product"}],"about":[{"href":"https:\/\/trufasilvestre.cl\/home\/wp-json\/wp\/v2\/types\/product"}],"wp:featuredmedia":[{"embeddable":true,"href":"https:\/\/trufasilvestre.cl\/home\/wp-json\/wp\/v2\/media\/5258"}],"wp:attachment":[{"href":"https:\/\/trufasilvestre.cl\/home\/wp-json\/wp\/v2\/media?parent=5271"}],"wp:term":[{"taxonomy":"product_brand","embeddable":true,"href":"https:\/\/trufasilvestre.cl\/home\/wp-json\/wp\/v2\/product_brand?post=5271"},{"taxonomy":"product_cat","embeddable":true,"href":"https:\/\/trufasilvestre.cl\/home\/wp-json\/wp\/v2\/product_cat?post=5271"},{"taxonomy":"product_tag","embeddable":true,"href":"https:\/\/trufasilvestre.cl\/home\/wp-json\/wp\/v2\/product_tag?post=5271"}],"curies":[{"name":"wp","href":"https:\/\/api.w.org\/{rel}","templated":true}]}}