{"id":5213,"date":"2025-04-12T12:56:16","date_gmt":"2025-04-12T16:56:16","guid":{"rendered":"https:\/\/trufasilvestre.cl\/home\/?post_type=product&#038;p=5213"},"modified":"2025-11-25T09:23:35","modified_gmt":"2025-11-25T13:23:35","slug":"aceto-balsamico-di-modena-con-trufa-negra","status":"publish","type":"product","link":"https:\/\/trufasilvestre.cl\/home\/product\/aceto-balsamico-di-modena-con-trufa-negra\/","title":{"rendered":"Aceto bals\u00e1mico di Modena con trufa negra"},"content":{"rendered":"<p style=\"text-align: left;\">Aceto bals\u00e1mico di Modena con trufa negra, 50 ml \/ 100 ml<\/p>\n","protected":false},"excerpt":{"rendered":"<p>El sabor tradicional del vinagre bals\u00e1mico de M\u00f3dena IGP se combina con las intensas notas de la trufa de invierno, creando el aderezo agridulce ideal que combina muy bien con tus ensaladas gourmet, carnes y pescados favoritos.<\/p>\n","protected":false},"featured_media":5218,"template":"","meta":{"_exactmetrics_skip_tracking":false,"_exactmetrics_sitenote_active":false,"_exactmetrics_sitenote_note":"","_exactmetrics_sitenote_category":0},"product_brand":[],"product_cat":[60,40],"product_tag":[],"class_list":{"0":"post-5213","1":"product","2":"type-product","3":"status-publish","4":"has-post-thumbnail","6":"product_cat-destacados","7":"product_cat-aceites","9":"first","10":"instock","11":"shipping-taxable","12":"purchasable","13":"product-type-variable"},"yoast_head":"<!-- This site is optimized with the Yoast SEO plugin v25.3 - https:\/\/yoast.com\/wordpress\/plugins\/seo\/ -->\n<title>Aceto bals\u00e1mico di Modena con trufa negra - Trufa silvestre<\/title>\n<meta name=\"robots\" content=\"index, follow, max-snippet:-1, max-image-preview:large, max-video-preview:-1\" \/>\n<link rel=\"canonical\" href=\"https:\/\/trufasilvestre.cl\/home\/product\/aceto-balsamico-di-modena-con-trufa-negra\/\" \/>\n<meta property=\"og:locale\" content=\"es_ES\" \/>\n<meta property=\"og:type\" content=\"article\" \/>\n<meta property=\"og:title\" content=\"Aceto bals\u00e1mico di Modena con trufa negra - Trufa silvestre\" \/>\n<meta property=\"og:description\" content=\"El sabor tradicional del vinagre bals\u00e1mico de M\u00f3dena IGP se combina con las intensas notas de la trufa de invierno, creando el aderezo agridulce ideal que combina muy bien con tus ensaladas gourmet, carnes y pescados favoritos.\" \/>\n<meta property=\"og:url\" content=\"https:\/\/trufasilvestre.cl\/home\/product\/aceto-balsamico-di-modena-con-trufa-negra\/\" \/>\n<meta property=\"og:site_name\" content=\"Trufa silvestre\" \/>\n<meta property=\"article:modified_time\" content=\"2025-11-25T13:23:35+00:00\" \/>\n<meta property=\"og:image\" content=\"https:\/\/trufasilvestre.cl\/wp-content\/uploads\/2025\/04\/aceto-balsamico-100ml-geofoods-800x800-1.png\" \/>\n\t<meta property=\"og:image:width\" content=\"600\" \/>\n\t<meta property=\"og:image:height\" content=\"600\" \/>\n\t<meta property=\"og:image:type\" content=\"image\/png\" \/>\n<meta name=\"twitter:card\" content=\"summary_large_image\" \/>\n<meta name=\"twitter:label1\" content=\"Tiempo estimado de lectura\" \/>\n\t<meta name=\"twitter:data1\" content=\"1 minuto\" \/>\n<script type=\"application\/ld+json\" class=\"yoast-schema-graph\">{\"@context\":\"https:\/\/schema.org\",\"@graph\":[{\"@type\":\"WebPage\",\"@id\":\"https:\/\/trufasilvestre.cl\/home\/product\/aceto-balsamico-di-modena-con-trufa-negra\/\",\"url\":\"https:\/\/trufasilvestre.cl\/home\/product\/aceto-balsamico-di-modena-con-trufa-negra\/\",\"name\":\"Aceto bals\u00e1mico di Modena con trufa negra - Trufa silvestre\",\"isPartOf\":{\"@id\":\"https:\/\/trufasilvestre.cl\/home\/#website\"},\"primaryImageOfPage\":{\"@id\":\"https:\/\/trufasilvestre.cl\/home\/product\/aceto-balsamico-di-modena-con-trufa-negra\/#primaryimage\"},\"image\":{\"@id\":\"https:\/\/trufasilvestre.cl\/home\/product\/aceto-balsamico-di-modena-con-trufa-negra\/#primaryimage\"},\"thumbnailUrl\":\"https:\/\/trufasilvestre.cl\/wp-content\/uploads\/2025\/04\/aceto-balsamico-100ml-geofoods-800x800-1.png\",\"datePublished\":\"2025-04-12T16:56:16+00:00\",\"dateModified\":\"2025-11-25T13:23:35+00:00\",\"breadcrumb\":{\"@id\":\"https:\/\/trufasilvestre.cl\/home\/product\/aceto-balsamico-di-modena-con-trufa-negra\/#breadcrumb\"},\"inLanguage\":\"es-CL\",\"potentialAction\":[{\"@type\":\"ReadAction\",\"target\":[\"https:\/\/trufasilvestre.cl\/home\/product\/aceto-balsamico-di-modena-con-trufa-negra\/\"]}]},{\"@type\":\"ImageObject\",\"inLanguage\":\"es-CL\",\"@id\":\"https:\/\/trufasilvestre.cl\/home\/product\/aceto-balsamico-di-modena-con-trufa-negra\/#primaryimage\",\"url\":\"https:\/\/trufasilvestre.cl\/wp-content\/uploads\/2025\/04\/aceto-balsamico-100ml-geofoods-800x800-1.png\",\"contentUrl\":\"https:\/\/trufasilvestre.cl\/wp-content\/uploads\/2025\/04\/aceto-balsamico-100ml-geofoods-800x800-1.png\",\"width\":600,\"height\":600},{\"@type\":\"BreadcrumbList\",\"@id\":\"https:\/\/trufasilvestre.cl\/home\/product\/aceto-balsamico-di-modena-con-trufa-negra\/#breadcrumb\",\"itemListElement\":[{\"@type\":\"ListItem\",\"position\":1,\"name\":\"Home\",\"item\":\"https:\/\/trufasilvestre.cl\/home\/\"},{\"@type\":\"ListItem\",\"position\":2,\"name\":\"TIENDA ONLINE\",\"item\":\"https:\/\/trufasilvestre.cl\/home\/shop\/\"},{\"@type\":\"ListItem\",\"position\":3,\"name\":\"Aceto bals\u00e1mico di Modena con trufa negra\"}]},{\"@type\":\"WebSite\",\"@id\":\"https:\/\/trufasilvestre.cl\/home\/#website\",\"url\":\"https:\/\/trufasilvestre.cl\/home\/\",\"name\":\"Trufa silvestre\",\"description\":\"Trufa\",\"potentialAction\":[{\"@type\":\"SearchAction\",\"target\":{\"@type\":\"EntryPoint\",\"urlTemplate\":\"https:\/\/trufasilvestre.cl\/home\/?s={search_term_string}\"},\"query-input\":{\"@type\":\"PropertyValueSpecification\",\"valueRequired\":true,\"valueName\":\"search_term_string\"}}],\"inLanguage\":\"es-CL\"}]}<\/script>\n<!-- \/ Yoast SEO plugin. -->","yoast_head_json":{"title":"Aceto bals\u00e1mico di Modena con trufa negra - Trufa silvestre","robots":{"index":"index","follow":"follow","max-snippet":"max-snippet:-1","max-image-preview":"max-image-preview:large","max-video-preview":"max-video-preview:-1"},"canonical":"https:\/\/trufasilvestre.cl\/home\/product\/aceto-balsamico-di-modena-con-trufa-negra\/","og_locale":"es_ES","og_type":"article","og_title":"Aceto bals\u00e1mico di Modena con trufa negra - Trufa silvestre","og_description":"El sabor tradicional del vinagre bals\u00e1mico de M\u00f3dena IGP se combina con las intensas notas de la trufa de invierno, creando el aderezo agridulce ideal que combina muy bien con tus ensaladas gourmet, carnes y pescados favoritos.","og_url":"https:\/\/trufasilvestre.cl\/home\/product\/aceto-balsamico-di-modena-con-trufa-negra\/","og_site_name":"Trufa silvestre","article_modified_time":"2025-11-25T13:23:35+00:00","og_image":[{"width":600,"height":600,"url":"https:\/\/trufasilvestre.cl\/wp-content\/uploads\/2025\/04\/aceto-balsamico-100ml-geofoods-800x800-1.png","type":"image\/png"}],"twitter_card":"summary_large_image","twitter_misc":{"Tiempo estimado de lectura":"1 minuto"},"schema":{"@context":"https:\/\/schema.org","@graph":[{"@type":"WebPage","@id":"https:\/\/trufasilvestre.cl\/home\/product\/aceto-balsamico-di-modena-con-trufa-negra\/","url":"https:\/\/trufasilvestre.cl\/home\/product\/aceto-balsamico-di-modena-con-trufa-negra\/","name":"Aceto bals\u00e1mico di Modena con trufa negra - Trufa silvestre","isPartOf":{"@id":"https:\/\/trufasilvestre.cl\/home\/#website"},"primaryImageOfPage":{"@id":"https:\/\/trufasilvestre.cl\/home\/product\/aceto-balsamico-di-modena-con-trufa-negra\/#primaryimage"},"image":{"@id":"https:\/\/trufasilvestre.cl\/home\/product\/aceto-balsamico-di-modena-con-trufa-negra\/#primaryimage"},"thumbnailUrl":"https:\/\/trufasilvestre.cl\/wp-content\/uploads\/2025\/04\/aceto-balsamico-100ml-geofoods-800x800-1.png","datePublished":"2025-04-12T16:56:16+00:00","dateModified":"2025-11-25T13:23:35+00:00","breadcrumb":{"@id":"https:\/\/trufasilvestre.cl\/home\/product\/aceto-balsamico-di-modena-con-trufa-negra\/#breadcrumb"},"inLanguage":"es-CL","potentialAction":[{"@type":"ReadAction","target":["https:\/\/trufasilvestre.cl\/home\/product\/aceto-balsamico-di-modena-con-trufa-negra\/"]}]},{"@type":"ImageObject","inLanguage":"es-CL","@id":"https:\/\/trufasilvestre.cl\/home\/product\/aceto-balsamico-di-modena-con-trufa-negra\/#primaryimage","url":"https:\/\/trufasilvestre.cl\/wp-content\/uploads\/2025\/04\/aceto-balsamico-100ml-geofoods-800x800-1.png","contentUrl":"https:\/\/trufasilvestre.cl\/wp-content\/uploads\/2025\/04\/aceto-balsamico-100ml-geofoods-800x800-1.png","width":600,"height":600},{"@type":"BreadcrumbList","@id":"https:\/\/trufasilvestre.cl\/home\/product\/aceto-balsamico-di-modena-con-trufa-negra\/#breadcrumb","itemListElement":[{"@type":"ListItem","position":1,"name":"Home","item":"https:\/\/trufasilvestre.cl\/home\/"},{"@type":"ListItem","position":2,"name":"TIENDA ONLINE","item":"https:\/\/trufasilvestre.cl\/home\/shop\/"},{"@type":"ListItem","position":3,"name":"Aceto bals\u00e1mico di Modena con trufa negra"}]},{"@type":"WebSite","@id":"https:\/\/trufasilvestre.cl\/home\/#website","url":"https:\/\/trufasilvestre.cl\/home\/","name":"Trufa silvestre","description":"Trufa","potentialAction":[{"@type":"SearchAction","target":{"@type":"EntryPoint","urlTemplate":"https:\/\/trufasilvestre.cl\/home\/?s={search_term_string}"},"query-input":{"@type":"PropertyValueSpecification","valueRequired":true,"valueName":"search_term_string"}}],"inLanguage":"es-CL"}]}},"_links":{"self":[{"href":"https:\/\/trufasilvestre.cl\/home\/wp-json\/wp\/v2\/product\/5213","targetHints":{"allow":["GET"]}}],"collection":[{"href":"https:\/\/trufasilvestre.cl\/home\/wp-json\/wp\/v2\/product"}],"about":[{"href":"https:\/\/trufasilvestre.cl\/home\/wp-json\/wp\/v2\/types\/product"}],"wp:featuredmedia":[{"embeddable":true,"href":"https:\/\/trufasilvestre.cl\/home\/wp-json\/wp\/v2\/media\/5218"}],"wp:attachment":[{"href":"https:\/\/trufasilvestre.cl\/home\/wp-json\/wp\/v2\/media?parent=5213"}],"wp:term":[{"taxonomy":"product_brand","embeddable":true,"href":"https:\/\/trufasilvestre.cl\/home\/wp-json\/wp\/v2\/product_brand?post=5213"},{"taxonomy":"product_cat","embeddable":true,"href":"https:\/\/trufasilvestre.cl\/home\/wp-json\/wp\/v2\/product_cat?post=5213"},{"taxonomy":"product_tag","embeddable":true,"href":"https:\/\/trufasilvestre.cl\/home\/wp-json\/wp\/v2\/product_tag?post=5213"}],"curies":[{"name":"wp","href":"https:\/\/api.w.org\/{rel}","templated":true}]}}