{"id":4526,"date":"2022-12-06T13:31:03","date_gmt":"2022-12-06T17:31:03","guid":{"rendered":"https:\/\/trufasilvestre.cl\/home\/?post_type=product&#038;p=4526"},"modified":"2025-12-16T13:43:18","modified_gmt":"2025-12-16T17:43:18","slug":"trufa-blanca-fresca-tuber-magnatum","status":"publish","type":"product","link":"https:\/\/trufasilvestre.cl\/home\/product\/trufa-blanca-fresca-tuber-magnatum\/","title":{"rendered":"TRUFA BLANCA Fresca (Tuber Magnatum)"},"content":{"rendered":"<blockquote><p><a href=\"https:\/\/trufasilvestre.cl\/home\/trufas\/\">Trufa blanca (Tuber Magnatum)<\/a> es la trufa comestible m\u00e1s exclusiva del mundo y su precio alcanza hasta un par de miles de euros por kilogramo. Se recolecta en Italia, Eslovenia y Croacia. Crece en suelos de piedra caliza predominantemente grises de alta microporosidad con solo unas pocas piedras. Siempre elige \u00e1reas de bosque con sombra con cambios limitados de temperatura. Magnatum Pico se conecta con las ra\u00edces de \u00e1lamos, sauces, avellanos y robles y el tiempo de su cosecha es muy corto, de octubre a diciembre.<\/p><\/blockquote>\n<p>La trufa blanca generalmente tiene una forma esf\u00e9rica an\u00f3mala y con mayor frecuencia crece hasta el tama\u00f1o de 2 a 15 cm. Su piel (peridium) es suave y de color amarillo ocre o amarillo oliva, y en ocasiones puede revelar un \u00e1rea agrietada m\u00e1s r\u00fastica o manchas rojas claras. La gleba (masa interior carnosa) es firme y jabonosa en su estructura, al principio blanquecino y luego amarillo p\u00e1lido, marr\u00f3n ocre, marr\u00f3n rojizo, veteado con muchas l\u00edneas blancas finas. Intensivo en aroma y fuerte pero agradable sabor.<\/p>\n<p>Para eligir su trufa por favor cont\u00e1ctenos!<\/p>\n<p>&nbsp;<\/p>\n","protected":false},"excerpt":{"rendered":"<ol>\n<li><a href=\"https:\/\/trufasilvestre.cl\/home\/trufas\/\">Trufa blanca (Tuber Magnatum)<\/a> es la trufa m\u00e1s exclusiva del mundo<\/li>\n<\/ol>\n","protected":false},"featured_media":2625,"template":"","meta":{"_exactmetrics_skip_tracking":false,"_exactmetrics_sitenote_active":false,"_exactmetrics_sitenote_note":"","_exactmetrics_sitenote_category":0},"product_brand":[],"product_cat":[60,39],"product_tag":[],"class_list":{"0":"post-4526","1":"product","2":"type-product","3":"status-publish","4":"has-post-thumbnail","6":"product_cat-destacados","7":"product_cat-trufas-frescas","9":"first","10":"outofstock","11":"shipping-taxable","12":"product-type-simple"},"yoast_head":"<!-- This site is optimized with the Yoast SEO plugin v25.3 - https:\/\/yoast.com\/wordpress\/plugins\/seo\/ -->\n<title>TRUFA BLANCA Fresca (Tuber Magnatum) - Trufa silvestre<\/title>\n<meta name=\"robots\" content=\"index, follow, max-snippet:-1, max-image-preview:large, max-video-preview:-1\" \/>\n<link rel=\"canonical\" href=\"https:\/\/trufasilvestre.cl\/home\/product\/trufa-blanca-fresca-tuber-magnatum\/\" \/>\n<meta property=\"og:locale\" content=\"es_ES\" \/>\n<meta property=\"og:type\" content=\"article\" \/>\n<meta property=\"og:title\" content=\"TRUFA BLANCA Fresca (Tuber Magnatum) - Trufa silvestre\" \/>\n<meta property=\"og:description\" content=\"Trufa blanca (Tuber Magnatum) es la trufa m\u00e1s exclusiva del mundo\" \/>\n<meta property=\"og:url\" content=\"https:\/\/trufasilvestre.cl\/home\/product\/trufa-blanca-fresca-tuber-magnatum\/\" \/>\n<meta property=\"og:site_name\" content=\"Trufa silvestre\" \/>\n<meta property=\"article:modified_time\" content=\"2025-12-16T17:43:18+00:00\" \/>\n<meta property=\"og:image\" content=\"https:\/\/trufasilvestre.cl\/wp-content\/uploads\/2020\/11\/white_truffle_3-300x300-1.jpg\" \/>\n\t<meta property=\"og:image:width\" content=\"300\" \/>\n\t<meta property=\"og:image:height\" content=\"300\" \/>\n\t<meta property=\"og:image:type\" content=\"image\/jpeg\" \/>\n<meta name=\"twitter:card\" content=\"summary_large_image\" \/>\n<meta name=\"twitter:label1\" content=\"Tiempo estimado de lectura\" \/>\n\t<meta name=\"twitter:data1\" content=\"1 minuto\" \/>\n<script type=\"application\/ld+json\" class=\"yoast-schema-graph\">{\"@context\":\"https:\/\/schema.org\",\"@graph\":[{\"@type\":\"WebPage\",\"@id\":\"https:\/\/trufasilvestre.cl\/home\/product\/trufa-blanca-fresca-tuber-magnatum\/\",\"url\":\"https:\/\/trufasilvestre.cl\/home\/product\/trufa-blanca-fresca-tuber-magnatum\/\",\"name\":\"TRUFA BLANCA Fresca (Tuber Magnatum) - Trufa silvestre\",\"isPartOf\":{\"@id\":\"https:\/\/trufasilvestre.cl\/home\/#website\"},\"primaryImageOfPage\":{\"@id\":\"https:\/\/trufasilvestre.cl\/home\/product\/trufa-blanca-fresca-tuber-magnatum\/#primaryimage\"},\"image\":{\"@id\":\"https:\/\/trufasilvestre.cl\/home\/product\/trufa-blanca-fresca-tuber-magnatum\/#primaryimage\"},\"thumbnailUrl\":\"https:\/\/trufasilvestre.cl\/wp-content\/uploads\/2020\/11\/white_truffle_3-300x300-1.jpg\",\"datePublished\":\"2022-12-06T17:31:03+00:00\",\"dateModified\":\"2025-12-16T17:43:18+00:00\",\"breadcrumb\":{\"@id\":\"https:\/\/trufasilvestre.cl\/home\/product\/trufa-blanca-fresca-tuber-magnatum\/#breadcrumb\"},\"inLanguage\":\"es-CL\",\"potentialAction\":[{\"@type\":\"ReadAction\",\"target\":[\"https:\/\/trufasilvestre.cl\/home\/product\/trufa-blanca-fresca-tuber-magnatum\/\"]}]},{\"@type\":\"ImageObject\",\"inLanguage\":\"es-CL\",\"@id\":\"https:\/\/trufasilvestre.cl\/home\/product\/trufa-blanca-fresca-tuber-magnatum\/#primaryimage\",\"url\":\"https:\/\/trufasilvestre.cl\/wp-content\/uploads\/2020\/11\/white_truffle_3-300x300-1.jpg\",\"contentUrl\":\"https:\/\/trufasilvestre.cl\/wp-content\/uploads\/2020\/11\/white_truffle_3-300x300-1.jpg\",\"width\":300,\"height\":300},{\"@type\":\"BreadcrumbList\",\"@id\":\"https:\/\/trufasilvestre.cl\/home\/product\/trufa-blanca-fresca-tuber-magnatum\/#breadcrumb\",\"itemListElement\":[{\"@type\":\"ListItem\",\"position\":1,\"name\":\"Home\",\"item\":\"https:\/\/trufasilvestre.cl\/home\/\"},{\"@type\":\"ListItem\",\"position\":2,\"name\":\"TIENDA ONLINE\",\"item\":\"https:\/\/trufasilvestre.cl\/home\/shop\/\"},{\"@type\":\"ListItem\",\"position\":3,\"name\":\"TRUFA BLANCA Fresca (Tuber Magnatum)\"}]},{\"@type\":\"WebSite\",\"@id\":\"https:\/\/trufasilvestre.cl\/home\/#website\",\"url\":\"https:\/\/trufasilvestre.cl\/home\/\",\"name\":\"Trufa silvestre\",\"description\":\"Trufa\",\"potentialAction\":[{\"@type\":\"SearchAction\",\"target\":{\"@type\":\"EntryPoint\",\"urlTemplate\":\"https:\/\/trufasilvestre.cl\/home\/?s={search_term_string}\"},\"query-input\":{\"@type\":\"PropertyValueSpecification\",\"valueRequired\":true,\"valueName\":\"search_term_string\"}}],\"inLanguage\":\"es-CL\"}]}<\/script>\n<!-- \/ Yoast SEO plugin. -->","yoast_head_json":{"title":"TRUFA BLANCA Fresca (Tuber Magnatum) - Trufa silvestre","robots":{"index":"index","follow":"follow","max-snippet":"max-snippet:-1","max-image-preview":"max-image-preview:large","max-video-preview":"max-video-preview:-1"},"canonical":"https:\/\/trufasilvestre.cl\/home\/product\/trufa-blanca-fresca-tuber-magnatum\/","og_locale":"es_ES","og_type":"article","og_title":"TRUFA BLANCA Fresca (Tuber Magnatum) - Trufa silvestre","og_description":"Trufa blanca (Tuber Magnatum) es la trufa m\u00e1s exclusiva del mundo","og_url":"https:\/\/trufasilvestre.cl\/home\/product\/trufa-blanca-fresca-tuber-magnatum\/","og_site_name":"Trufa silvestre","article_modified_time":"2025-12-16T17:43:18+00:00","og_image":[{"width":300,"height":300,"url":"https:\/\/trufasilvestre.cl\/wp-content\/uploads\/2020\/11\/white_truffle_3-300x300-1.jpg","type":"image\/jpeg"}],"twitter_card":"summary_large_image","twitter_misc":{"Tiempo estimado de lectura":"1 minuto"},"schema":{"@context":"https:\/\/schema.org","@graph":[{"@type":"WebPage","@id":"https:\/\/trufasilvestre.cl\/home\/product\/trufa-blanca-fresca-tuber-magnatum\/","url":"https:\/\/trufasilvestre.cl\/home\/product\/trufa-blanca-fresca-tuber-magnatum\/","name":"TRUFA BLANCA Fresca (Tuber Magnatum) - Trufa silvestre","isPartOf":{"@id":"https:\/\/trufasilvestre.cl\/home\/#website"},"primaryImageOfPage":{"@id":"https:\/\/trufasilvestre.cl\/home\/product\/trufa-blanca-fresca-tuber-magnatum\/#primaryimage"},"image":{"@id":"https:\/\/trufasilvestre.cl\/home\/product\/trufa-blanca-fresca-tuber-magnatum\/#primaryimage"},"thumbnailUrl":"https:\/\/trufasilvestre.cl\/wp-content\/uploads\/2020\/11\/white_truffle_3-300x300-1.jpg","datePublished":"2022-12-06T17:31:03+00:00","dateModified":"2025-12-16T17:43:18+00:00","breadcrumb":{"@id":"https:\/\/trufasilvestre.cl\/home\/product\/trufa-blanca-fresca-tuber-magnatum\/#breadcrumb"},"inLanguage":"es-CL","potentialAction":[{"@type":"ReadAction","target":["https:\/\/trufasilvestre.cl\/home\/product\/trufa-blanca-fresca-tuber-magnatum\/"]}]},{"@type":"ImageObject","inLanguage":"es-CL","@id":"https:\/\/trufasilvestre.cl\/home\/product\/trufa-blanca-fresca-tuber-magnatum\/#primaryimage","url":"https:\/\/trufasilvestre.cl\/wp-content\/uploads\/2020\/11\/white_truffle_3-300x300-1.jpg","contentUrl":"https:\/\/trufasilvestre.cl\/wp-content\/uploads\/2020\/11\/white_truffle_3-300x300-1.jpg","width":300,"height":300},{"@type":"BreadcrumbList","@id":"https:\/\/trufasilvestre.cl\/home\/product\/trufa-blanca-fresca-tuber-magnatum\/#breadcrumb","itemListElement":[{"@type":"ListItem","position":1,"name":"Home","item":"https:\/\/trufasilvestre.cl\/home\/"},{"@type":"ListItem","position":2,"name":"TIENDA ONLINE","item":"https:\/\/trufasilvestre.cl\/home\/shop\/"},{"@type":"ListItem","position":3,"name":"TRUFA BLANCA Fresca (Tuber Magnatum)"}]},{"@type":"WebSite","@id":"https:\/\/trufasilvestre.cl\/home\/#website","url":"https:\/\/trufasilvestre.cl\/home\/","name":"Trufa silvestre","description":"Trufa","potentialAction":[{"@type":"SearchAction","target":{"@type":"EntryPoint","urlTemplate":"https:\/\/trufasilvestre.cl\/home\/?s={search_term_string}"},"query-input":{"@type":"PropertyValueSpecification","valueRequired":true,"valueName":"search_term_string"}}],"inLanguage":"es-CL"}]}},"_links":{"self":[{"href":"https:\/\/trufasilvestre.cl\/home\/wp-json\/wp\/v2\/product\/4526","targetHints":{"allow":["GET"]}}],"collection":[{"href":"https:\/\/trufasilvestre.cl\/home\/wp-json\/wp\/v2\/product"}],"about":[{"href":"https:\/\/trufasilvestre.cl\/home\/wp-json\/wp\/v2\/types\/product"}],"wp:featuredmedia":[{"embeddable":true,"href":"https:\/\/trufasilvestre.cl\/home\/wp-json\/wp\/v2\/media\/2625"}],"wp:attachment":[{"href":"https:\/\/trufasilvestre.cl\/home\/wp-json\/wp\/v2\/media?parent=4526"}],"wp:term":[{"taxonomy":"product_brand","embeddable":true,"href":"https:\/\/trufasilvestre.cl\/home\/wp-json\/wp\/v2\/product_brand?post=4526"},{"taxonomy":"product_cat","embeddable":true,"href":"https:\/\/trufasilvestre.cl\/home\/wp-json\/wp\/v2\/product_cat?post=4526"},{"taxonomy":"product_tag","embeddable":true,"href":"https:\/\/trufasilvestre.cl\/home\/wp-json\/wp\/v2\/product_tag?post=4526"}],"curies":[{"name":"wp","href":"https:\/\/api.w.org\/{rel}","templated":true}]}}