{"id":2982,"date":"2021-01-09T19:37:45","date_gmt":"2021-01-09T23:37:45","guid":{"rendered":"https:\/\/trufasilvestre.cl\/home\/?page_id=2982"},"modified":"2022-02-07T15:34:11","modified_gmt":"2022-02-07T19:34:11","slug":"sobre-nosotros","status":"publish","type":"page","link":"https:\/\/trufasilvestre.cl\/home\/sobre-nosotros\/","title":{"rendered":"SOBRE NOSOTROS"},"content":{"rendered":"<div class=\"wpb-content-wrapper\"><p>[vc_row css=&#8221;.vc_custom_1610235523047{padding-right: 30px !important;padding-left: 30px !important;}&#8221; mobile_bg_img_hidden=&#8221;no&#8221; tablet_bg_img_hidden=&#8221;no&#8221; woodmart_parallax=&#8221;0&#8243; woodmart_gradient_switch=&#8221;no&#8221; row_reverse_mobile=&#8221;0&#8243; row_reverse_tablet=&#8221;0&#8243; woodmart_disable_overflow=&#8221;0&#8243;][vc_column][vc_column_text text_larger=&#8221;no&#8221;]<\/p>\n<h2 class=\"divider-title\">Misi\u00f3n<\/h2>\n<p>Nuestra misi\u00f3n y visi\u00f3n es ser un socio comercial respetado y deseable, reconocido en el mercado y conocido por la impecable calidad de los productos y excelentes servicios. Al construir relaciones amigables y cuidar la naturaleza, buscamos proteger los intereses de clientes, socios comerciales y entorno laboral y de vida. Nuestro mayor valor es nuestro conocimiento de la regi\u00f3n de la que provienen nuestros proveedores. Su larga tradici\u00f3n familiar, con la que hemos creado una marca original que ofrece los mejores sabores, gustos y experiencias a todos nuestros clientes.[\/vc_column_text][vc_column_text text_larger=&#8221;no&#8221;]<\/p>\n<h2 class=\"divider-title\">100% Hecho en EU<\/h2>\n<p>Todos nuestros productos est\u00e1n hechos en Croacia y Eslovenia (Uni\u00f3n Europea), utilizando productos de la naturaleza pura y virgen de Istria. El esfuerzo, la dedicaci\u00f3n y la responsabilidad, y sobre todo nuestra pasi\u00f3n y amor por las trufas, son los ingredientes que hacen de nuestros productos especial con su sabor y aroma reconocibles e irresistibles. Todo el procesamiento, almacenamiento y distribuci\u00f3n de la trufa est\u00e1 marcado por la alta calidad y la aplicaci\u00f3n del est\u00e1ndar HACCP.[\/vc_column_text][\/vc_column][\/vc_row][vc_row full_width=&#8221;stretch_row_content_no_spaces&#8221; mobile_bg_img_hidden=&#8221;no&#8221; tablet_bg_img_hidden=&#8221;no&#8221; woodmart_parallax=&#8221;0&#8243; woodmart_gradient_switch=&#8221;no&#8221; row_reverse_mobile=&#8221;0&#8243; row_reverse_tablet=&#8221;0&#8243; woodmart_disable_overflow=&#8221;0&#8243;][vc_column][vc_single_image image=&#8221;2984&#8243; img_size=&#8221;full&#8221; parallax_scroll=&#8221;no&#8221;][\/vc_column][\/vc_row][vc_row css=&#8221;.vc_custom_1610235523047{padding-right: 30px !important;padding-left: 30px !important;}&#8221; mobile_bg_img_hidden=&#8221;no&#8221; tablet_bg_img_hidden=&#8221;no&#8221; woodmart_parallax=&#8221;0&#8243; woodmart_gradient_switch=&#8221;no&#8221; row_reverse_mobile=&#8221;0&#8243; row_reverse_tablet=&#8221;0&#8243; woodmart_disable_overflow=&#8221;0&#8243;][vc_column][vc_column_text text_larger=&#8221;no&#8221;]<\/p>\n<h2 class=\"divider-title\">Regi\u00f3n<\/h2>\n<p>En el extremo norte del hermoso mar Adri\u00e1tico se encuentra la pen\u00ednsula de Istria. Rodeado por el mar de aguas cristalinas, Istria esconde un verdadero tesoro natural en su interior. Para conocer y experimentar plenamente Istria con todos sus sentidos, debe ir m\u00e1s all\u00e1 de la costa y disfrutar de las sensaciones de la gente de las trufas, que ofrecen experiencias exquisitas para los paladares m\u00e1s sensibles. Alberga aceites de oliva extra virgen, quesos, miel y vinos de una calidad excepcional y el h\u00e1bitat natural de la seta subterr\u00e1nea m\u00e1s preciada del mundo: la trufa.[\/vc_column_text][\/vc_column][\/vc_row][vc_row full_width=&#8221;stretch_row_content_no_spaces&#8221; mobile_bg_img_hidden=&#8221;no&#8221; tablet_bg_img_hidden=&#8221;no&#8221; woodmart_parallax=&#8221;0&#8243; woodmart_gradient_switch=&#8221;no&#8221; row_reverse_mobile=&#8221;0&#8243; row_reverse_tablet=&#8221;0&#8243; woodmart_disable_overflow=&#8221;0&#8243;][vc_column][vc_single_image image=&#8221;2966&#8243; img_size=&#8221;full&#8221; parallax_scroll=&#8221;no&#8221;][\/vc_column][\/vc_row][vc_row css=&#8221;.vc_custom_1610235523047{padding-right: 30px !important;padding-left: 30px !important;}&#8221; mobile_bg_img_hidden=&#8221;no&#8221; tablet_bg_img_hidden=&#8221;no&#8221; woodmart_parallax=&#8221;0&#8243; woodmart_gradient_switch=&#8221;no&#8221; row_reverse_mobile=&#8221;0&#8243; row_reverse_tablet=&#8221;0&#8243; woodmart_disable_overflow=&#8221;0&#8243;][vc_column][vc_column_text text_larger=&#8221;no&#8221;]<\/p>\n<h2 class=\"divider-title\">Actividad de Nuestra Empresa<\/h2>\n<p>La actividad principal de nuestros proveedores ha sido la caza de trufas sivestres, conservadas como una tradici\u00f3n a trav\u00e9s de generaciones, as\u00ed como la distribuci\u00f3n de nuestros productos elaborados con trufas silvestres de Istria y los mejores ingredientes naturales para nuestros clientes y consumidores. Durante la temporada de crecimiento de trufas blancas y negras, entregamos trufas frescas a numerosos restaurantes y amantes de la trufa en todo el pa\u00eds.[\/vc_column_text][vc_column_text text_larger=&#8221;no&#8221;]<\/p>\n<h3 class=\"firstHeading\" lang=\"es\">Puntos de venta y\u00a0Distribuci\u00f3n<\/h3>\n<p><strong><em>Nuestros productos pueden encontrar en siguientes tiendas<\/em>:<\/strong><\/p>\n<ul>\n<li>Pulper\u00eda Echinuco, Mall Parque Arauco, Local 571 (Piso dise\u00f1o), Las Condes, Santiago<\/li>\n<li>Pulper\u00eda Echinuco, Mall Arauco Maip\u00fa, Local 379, Maip\u00fa, Santiago<\/li>\n<\/ul>\n<p>En la temporada de trufas blancas y negras, entregamos trufas frescas silvestres a trav\u00e9s de un servicio de transporte express a todo el pa\u00eds.<\/p>\n<p>Si est\u00e1 interesado en distribuir nuestros productos, solicite informaci\u00f3n m\u00e1s detallada y t\u00e9rminos y condiciones enviando un correo electr\u00f3nico a<a href=\"mailto:info@trufasilvestre.cl\">\u00a0info@trufasilvestre.cl<\/a>. Le presentaremos nuestra gama de productos y le presentaremos m\u00e1s de cerca nuestra visi\u00f3n y proceso de distribuci\u00f3n.[\/vc_column_text][\/vc_column][\/vc_row]<\/p>\n<\/div>","protected":false},"excerpt":{"rendered":"<p>[vc_row css=&#8221;.vc_custom_1610235523047{padding-right: 30px !important;padding-left: 30px !important;}&#8221; mobile_bg_img_hidden=&#8221;no&#8221; tablet_bg_img_hidden=&#8221;no&#8221; woodmart_parallax=&#8221;0&#8243; woodmart_gradient_switch=&#8221;no&#8221; row_reverse_mobile=&#8221;0&#8243; row_reverse_tablet=&#8221;0&#8243; woodmart_disable_overflow=&#8221;0&#8243;][vc_column][vc_column_text text_larger=&#8221;no&#8221;] Misi\u00f3n Nuestra misi\u00f3n y visi\u00f3n es<\/p>\n","protected":false},"author":2,"featured_media":0,"parent":0,"menu_order":0,"comment_status":"closed","ping_status":"closed","template":"","meta":{"_exactmetrics_skip_tracking":false,"_exactmetrics_sitenote_active":false,"_exactmetrics_sitenote_note":"","_exactmetrics_sitenote_category":0,"footnotes":""},"class_list":["post-2982","page","type-page","status-publish","hentry"],"yoast_head":"<!-- This site is optimized with the Yoast SEO plugin v25.3 - https:\/\/yoast.com\/wordpress\/plugins\/seo\/ -->\n<title>SOBRE NOSOTROS - Trufa silvestre<\/title>\n<meta name=\"robots\" content=\"index, follow, max-snippet:-1, max-image-preview:large, max-video-preview:-1\" \/>\n<link rel=\"canonical\" href=\"https:\/\/trufasilvestre.cl\/home\/sobre-nosotros\/\" \/>\n<meta property=\"og:locale\" content=\"es_ES\" \/>\n<meta property=\"og:type\" content=\"article\" \/>\n<meta property=\"og:title\" content=\"SOBRE NOSOTROS - Trufa silvestre\" \/>\n<meta property=\"og:description\" content=\"[vc_row css=&#8221;.vc_custom_1610235523047{padding-right: 30px !important;padding-left: 30px !important;}&#8221; mobile_bg_img_hidden=&#8221;no&#8221; tablet_bg_img_hidden=&#8221;no&#8221; woodmart_parallax=&#8221;0&#8243; woodmart_gradient_switch=&#8221;no&#8221; row_reverse_mobile=&#8221;0&#8243; row_reverse_tablet=&#8221;0&#8243; woodmart_disable_overflow=&#8221;0&#8243;][vc_column][vc_column_text text_larger=&#8221;no&#8221;] Misi\u00f3n Nuestra misi\u00f3n y visi\u00f3n es\" \/>\n<meta property=\"og:url\" content=\"https:\/\/trufasilvestre.cl\/home\/sobre-nosotros\/\" \/>\n<meta property=\"og:site_name\" content=\"Trufa silvestre\" \/>\n<meta property=\"article:modified_time\" content=\"2022-02-07T19:34:11+00:00\" \/>\n<meta name=\"twitter:card\" content=\"summary_large_image\" \/>\n<meta name=\"twitter:label1\" content=\"Tiempo estimado de lectura\" \/>\n\t<meta name=\"twitter:data1\" content=\"3 minutos\" \/>\n<script type=\"application\/ld+json\" class=\"yoast-schema-graph\">{\"@context\":\"https:\/\/schema.org\",\"@graph\":[{\"@type\":\"WebPage\",\"@id\":\"https:\/\/trufasilvestre.cl\/home\/sobre-nosotros\/\",\"url\":\"https:\/\/trufasilvestre.cl\/home\/sobre-nosotros\/\",\"name\":\"SOBRE NOSOTROS - Trufa silvestre\",\"isPartOf\":{\"@id\":\"https:\/\/trufasilvestre.cl\/home\/#website\"},\"datePublished\":\"2021-01-09T23:37:45+00:00\",\"dateModified\":\"2022-02-07T19:34:11+00:00\",\"breadcrumb\":{\"@id\":\"https:\/\/trufasilvestre.cl\/home\/sobre-nosotros\/#breadcrumb\"},\"inLanguage\":\"es-CL\",\"potentialAction\":[{\"@type\":\"ReadAction\",\"target\":[\"https:\/\/trufasilvestre.cl\/home\/sobre-nosotros\/\"]}]},{\"@type\":\"BreadcrumbList\",\"@id\":\"https:\/\/trufasilvestre.cl\/home\/sobre-nosotros\/#breadcrumb\",\"itemListElement\":[{\"@type\":\"ListItem\",\"position\":1,\"name\":\"Home\",\"item\":\"https:\/\/trufasilvestre.cl\/home\/\"},{\"@type\":\"ListItem\",\"position\":2,\"name\":\"SOBRE NOSOTROS\"}]},{\"@type\":\"WebSite\",\"@id\":\"https:\/\/trufasilvestre.cl\/home\/#website\",\"url\":\"https:\/\/trufasilvestre.cl\/home\/\",\"name\":\"Trufa silvestre\",\"description\":\"Trufa\",\"potentialAction\":[{\"@type\":\"SearchAction\",\"target\":{\"@type\":\"EntryPoint\",\"urlTemplate\":\"https:\/\/trufasilvestre.cl\/home\/?s={search_term_string}\"},\"query-input\":{\"@type\":\"PropertyValueSpecification\",\"valueRequired\":true,\"valueName\":\"search_term_string\"}}],\"inLanguage\":\"es-CL\"}]}<\/script>\n<!-- \/ Yoast SEO plugin. -->","yoast_head_json":{"title":"SOBRE NOSOTROS - Trufa silvestre","robots":{"index":"index","follow":"follow","max-snippet":"max-snippet:-1","max-image-preview":"max-image-preview:large","max-video-preview":"max-video-preview:-1"},"canonical":"https:\/\/trufasilvestre.cl\/home\/sobre-nosotros\/","og_locale":"es_ES","og_type":"article","og_title":"SOBRE NOSOTROS - Trufa silvestre","og_description":"[vc_row css=&#8221;.vc_custom_1610235523047{padding-right: 30px !important;padding-left: 30px !important;}&#8221; mobile_bg_img_hidden=&#8221;no&#8221; tablet_bg_img_hidden=&#8221;no&#8221; woodmart_parallax=&#8221;0&#8243; woodmart_gradient_switch=&#8221;no&#8221; row_reverse_mobile=&#8221;0&#8243; row_reverse_tablet=&#8221;0&#8243; woodmart_disable_overflow=&#8221;0&#8243;][vc_column][vc_column_text text_larger=&#8221;no&#8221;] Misi\u00f3n Nuestra misi\u00f3n y visi\u00f3n es","og_url":"https:\/\/trufasilvestre.cl\/home\/sobre-nosotros\/","og_site_name":"Trufa silvestre","article_modified_time":"2022-02-07T19:34:11+00:00","twitter_card":"summary_large_image","twitter_misc":{"Tiempo estimado de lectura":"3 minutos"},"schema":{"@context":"https:\/\/schema.org","@graph":[{"@type":"WebPage","@id":"https:\/\/trufasilvestre.cl\/home\/sobre-nosotros\/","url":"https:\/\/trufasilvestre.cl\/home\/sobre-nosotros\/","name":"SOBRE NOSOTROS - Trufa silvestre","isPartOf":{"@id":"https:\/\/trufasilvestre.cl\/home\/#website"},"datePublished":"2021-01-09T23:37:45+00:00","dateModified":"2022-02-07T19:34:11+00:00","breadcrumb":{"@id":"https:\/\/trufasilvestre.cl\/home\/sobre-nosotros\/#breadcrumb"},"inLanguage":"es-CL","potentialAction":[{"@type":"ReadAction","target":["https:\/\/trufasilvestre.cl\/home\/sobre-nosotros\/"]}]},{"@type":"BreadcrumbList","@id":"https:\/\/trufasilvestre.cl\/home\/sobre-nosotros\/#breadcrumb","itemListElement":[{"@type":"ListItem","position":1,"name":"Home","item":"https:\/\/trufasilvestre.cl\/home\/"},{"@type":"ListItem","position":2,"name":"SOBRE NOSOTROS"}]},{"@type":"WebSite","@id":"https:\/\/trufasilvestre.cl\/home\/#website","url":"https:\/\/trufasilvestre.cl\/home\/","name":"Trufa silvestre","description":"Trufa","potentialAction":[{"@type":"SearchAction","target":{"@type":"EntryPoint","urlTemplate":"https:\/\/trufasilvestre.cl\/home\/?s={search_term_string}"},"query-input":{"@type":"PropertyValueSpecification","valueRequired":true,"valueName":"search_term_string"}}],"inLanguage":"es-CL"}]}},"_links":{"self":[{"href":"https:\/\/trufasilvestre.cl\/home\/wp-json\/wp\/v2\/pages\/2982","targetHints":{"allow":["GET"]}}],"collection":[{"href":"https:\/\/trufasilvestre.cl\/home\/wp-json\/wp\/v2\/pages"}],"about":[{"href":"https:\/\/trufasilvestre.cl\/home\/wp-json\/wp\/v2\/types\/page"}],"author":[{"embeddable":true,"href":"https:\/\/trufasilvestre.cl\/home\/wp-json\/wp\/v2\/users\/2"}],"replies":[{"embeddable":true,"href":"https:\/\/trufasilvestre.cl\/home\/wp-json\/wp\/v2\/comments?post=2982"}],"version-history":[{"count":5,"href":"https:\/\/trufasilvestre.cl\/home\/wp-json\/wp\/v2\/pages\/2982\/revisions"}],"predecessor-version":[{"id":4092,"href":"https:\/\/trufasilvestre.cl\/home\/wp-json\/wp\/v2\/pages\/2982\/revisions\/4092"}],"wp:attachment":[{"href":"https:\/\/trufasilvestre.cl\/home\/wp-json\/wp\/v2\/media?parent=2982"}],"curies":[{"name":"wp","href":"https:\/\/api.w.org\/{rel}","templated":true}]}}